{"id":3,"date":"2010-02-01T13:03:26","date_gmt":"2010-02-01T12:03:26","guid":{"rendered":"http:\/\/www.ertner-arts.com\/wordpress\/?page_id=3"},"modified":"2020-01-24T20:16:08","modified_gmt":"2020-01-24T19:16:08","slug":"kontakt","status":"publish","type":"page","link":"https:\/\/www.ertnerarts.com\/?page_id=3","title":{"rendered":"Impressum"},"content":{"rendered":"<p><strong>Schicken Sie uns bitte eine Email oder rufen Sie uns an. \/ Please reach out to us via e-mail or phone.<\/strong><br \/>\nWir melden uns umgehend bei Ihnen bzw. rufen Sie auch gern zur\u00fcck.<br \/>\n<span style=\"color: #808080;\">We will get back to you right away.<\/span><\/p>\n<h4>Anschrift<\/h4>\n<p>ErtnerArts \u2022 Anke Ertner \u2022 Postfach 580337 \u2022 10413 Berlin<\/p>\n<h4>Telefon<\/h4>\n<p>+49 30 65004796<\/p>\n<h4>Email<\/h4>\n<p><a href=\"mailto:contact@ertnerarts.com\">contact@ertnerarts.com<\/a><\/p>\n<h4>Google Maps<\/h4>\n<p><a href=\"http:\/\/maps.google.de\/maps?hl=de&amp;client=firefox-a&amp;q=G%C3%B6hrener+Stra%C3%9Fe+9&amp;ie=UTF8&amp;hq=&amp;hnear=G%C3%B6hrener+Stra%C3%9Fe+9,+Berlin+10437+Berlin&amp;gl=de&amp;t=m&amp;vpsrc=6&amp;source=embed&amp;ll=52.542746,13.421345&amp;spn=0.03654,0.085831&amp;z=13\" target=\"_blank\">Gr\u00f6\u00dfere Kartenansicht<\/a><\/p>\n<h4>ErtnerArts Umsatz- Steuernummer<\/h4>\n<p>31\/240\/01410<\/p>\n<h4>ErtnerArts VAT number<\/h4>\n<p>DE 198257081<\/p>\n<h4>Disclaimer<\/h4>\n<h4>1. Warnhinweis zu Inhalten<\/h4>\n<p>Die  kostenlosen und frei zug\u00e4nglichen Inhalte dieser Webseite wurden mit  gr\u00f6\u00dftm\u00f6glicher Sorgfalt erstellt. Der Anbieter dieser Webseite \u00fcbernimmt  jedoch keine Gew\u00e4hr f\u00fcr die Richtigkeit und Aktualit\u00e4t der  bereitgestellten kostenlosen und frei zug\u00e4nglichen journalistischen  Ratgeber und Nachrichten. Namentlich gekennzeichnete Beitr\u00e4ge geben die  Meinung des jeweiligen Autors und nicht immer die Meinung des Anbieters  wieder. Allein durch den Aufruf der kostenlosen und frei zug\u00e4nglichen  Inhalte kommt keinerlei Vertragsverh\u00e4ltnis zwischen dem Nutzer und dem  Anbieter zustande, insoweit fehlt es am Rechtsbindungswillen des  Anbieters.<\/p>\n<h4>2. Externe Links<\/h4>\n<p>Diese  Website enth\u00e4lt Verkn\u00fcpfungen zu Websites Dritter (&#8222;externe Links&#8220;).  Diese Websites unterliegen der Haftung der jeweiligen Betreiber. Der  Anbieter hat bei der erstmaligen Verkn\u00fcpfung der externen Links die  fremden Inhalte daraufhin \u00fcberpr\u00fcft, ob etwaige Rechtsverst\u00f6\u00dfe bestehen.  Zu dem Zeitpunkt waren keine Rechtsverst\u00f6\u00dfe ersichtlich. Der Anbieter  hat keinerlei Einfluss auf die aktuelle und zuk\u00fcnftige Gestaltung und  auf die Inhalte der verkn\u00fcpften Seiten. Das Setzen von externen Links  bedeutet nicht, dass sich der Anbieter die hinter dem Verweis oder Link  liegenden Inhalte zu Eigen macht. Eine st\u00e4ndige Kontrolle der externen  Links ist f\u00fcr den Anbieter ohne konkrete Hinweise auf Rechtsverst\u00f6\u00dfe  nicht zumutbar. Bei Kenntnis von Rechtsverst\u00f6\u00dfen werden jedoch derartige  externe Links unverz\u00fcglich gel\u00f6scht.<\/p>\n<h4>3. Urheber- und Leistungsschutzrechte<\/h4>\n<p>Die  auf dieser Website ver\u00f6ffentlichten Inhalte unterliegen dem deutschen  Urheber- und Leistungsschutzrecht. Jede vom deutschen Urheber- und  Leistungsschutzrecht nicht zugelassene Verwertung bedarf der vorherigen  schriftlichen Zustimmung des Anbieters oder jeweiligen Rechteinhabers.  Dies gilt insbesondere f\u00fcr Vervielf\u00e4ltigung, Bearbeitung, \u00dcbersetzung,  Einspeicherung, Verarbeitung bzw. Wiedergabe von Inhalten in Datenbanken  oder anderen elektronischen Medien und Systemen. Inhalte und Rechte  Dritter sind dabei als solche gekennzeichnet. Die unerlaubte  Vervielf\u00e4ltigung oder Weitergabe einzelner Inhalte oder kompletter  Seiten ist nicht gestattet und strafbar. Lediglich die Herstellung von  Kopien und Downloads f\u00fcr den pers\u00f6nlichen, privaten und nicht  kommerziellen Gebrauch ist erlaubt. Die Darstellung dieser Website in fremden Frames ist nur mit schriftlicher Erlaubnis zul\u00e4ssig.<\/p>\n<div>\n<h4>4. Datenschutz<\/h4>\n<p>Der  Anbieter weist ausdr\u00fccklich darauf hin, dass die Daten\u00fcbertragung im  Internet (z.B. bei der Kommunikation per E-Mail) Sicherheitsl\u00fccken  aufweisen und nicht l\u00fcckenlos vor dem Zugriff durch Dritte gesch\u00fctzt  werden kann. Die Verwendung der Kontaktdaten des Impressums zur  gewerblichen Werbung ist ausdr\u00fccklich nicht erw\u00fcnscht, es sei denn der  Anbieter hatte zuvor seine schriftliche Einwilligung erteilt oder es  besteht bereits eine Gesch\u00e4ftsbeziehung. Der Anbieter und alle auf  dieser Website genannten Personen widersprechen hiermit jeder  kommerziellen Verwendung und Weitergabe ihrer Daten.<\/p>\n<h4><strong>Personenbezogene Daten<\/strong><\/h4>\n<p>Sie  k\u00f6nnen unsere Webseite ohne Angabe personenbezogener Daten besuchen.  Soweit auf unseren Seiten personenbezogene Daten (wie Name, Anschrift  oder E-Mail Adresse) erhoben werden, erfolgt dies, soweit m\u00f6glich, auf  freiwilliger Basis. Diese Daten werden ohne Ihre ausdr\u00fcckliche  Zustimmung nicht an Dritte weitergegeben. Sofern zwischen Ihnen und uns  ein Vertragsverh\u00e4ltnis begr\u00fcndet, inhaltlich ausgestaltet oder ge\u00e4ndert  werden soll oder Sie an uns eine Anfrage stellen, erheben und verwenden  wir personenbezogene Daten von Ihnen, soweit dies zu diesen Zwecken  erforderlich ist (Bestandsdaten). Wir erheben, verarbeiten und nutzen  personenbezogene Daten soweit dies erforderlich ist, um Ihnen die  Inanspruchnahme des Webangebots zu erm\u00f6glichen (Nutzungsdaten).  S\u00e4mtliche personenbezogenen Daten werden nur solange gespeichert wie  dies f\u00fcr den geannten Zweck (Bearbeitung Ihrer Anfrage oder Abwicklung  eines Vertrags) erforderlich ist. Hierbei werden steuer- und  handelsrechtliche Aufbewahrungsfristen ber\u00fccksichtigt. Auf Anordnung der  zust\u00e4ndigen Stellen d\u00fcrfen wir im Einzelfall Auskunft \u00fcber diese Daten  (Bestandsdaten) erteilen, soweit dies f\u00fcr Zwecke der Strafverfolgung,  zur Gefahrenabwehr, zur Erf\u00fcllung der gesetzlichen Aufgaben der  Verfassungsschutzbeh\u00f6rden oder des Milit\u00e4rischen Abschirmdienstes oder  zur Durchsetzung der Rechte am geistigen Eigentum erforderlich ist.<\/p>\n<\/div>\n<div>\n<h4><strong>Auskunftsrecht<\/strong><\/h4>\n<p>Sie  haben das jederzeitige Recht, sich unentgeltlich und unverz\u00fcglich \u00fcber  die zu Ihrer Person erhobenen Daten zu erkundigen. Sie haben das  jederzeitige Recht, Ihre Zustimmung zur Verwendung Ihrer angegeben  pers\u00f6nlichen Daten mit Wirkung f\u00fcr die Zukunft zu widerrufen. Zur  Auskunftserteilung wenden Sie sich bitte an den Anbieter unter den  Kontaktdaten im Impressum.<\/p>\n<\/div>\n<div>\n<h4>5. Besondere Nutzungsbedingungen<\/h4>\n<p>Soweit  besondere Bedingungen f\u00fcr einzelne Nutzungen dieser Website von den  vorgenannten Nummern 1. bis 4. abweichen, wird an entsprechender Stelle  ausdr\u00fccklich darauf hingewiesen. In diesem Falle gelten im jeweiligen  Einzelfall die besonderen Nutzungsbedingungen.<\/p>\n<\/div>\n<div>Quelle: <a title=\"disclaimer\" href=\"http:\/\/www.juraforum.de\/disclaimer_muster\/\">Disclaimer<\/a> von Juraforum.de.<\/div>\n","protected":false},"excerpt":{"rendered":"<p>Schicken Sie uns bitte eine Email oder rufen Sie uns an. \/ Please reach out to us via e-mail or phone. Wir melden uns umgehend bei Ihnen bzw. rufen Sie auch gern zur\u00fcck. We will get back to you right away. Anschrift ErtnerArts \u2022 Anke Ertner \u2022 Postfach 580337 \u2022 10413 Berlin Telefon +49 30 [&hellip;]<\/p>\n","protected":false},"author":1,"featured_media":0,"parent":0,"menu_order":6,"comment_status":"closed","ping_status":"open","template":"","meta":[],"_links":{"self":[{"href":"https:\/\/www.ertnerarts.com\/index.php?rest_route=\/wp\/v2\/pages\/3"}],"collection":[{"href":"https:\/\/www.ertnerarts.com\/index.php?rest_route=\/wp\/v2\/pages"}],"about":[{"href":"https:\/\/www.ertnerarts.com\/index.php?rest_route=\/wp\/v2\/types\/page"}],"author":[{"embeddable":true,"href":"https:\/\/www.ertnerarts.com\/index.php?rest_route=\/wp\/v2\/users\/1"}],"replies":[{"embeddable":true,"href":"https:\/\/www.ertnerarts.com\/index.php?rest_route=%2Fwp%2Fv2%2Fcomments&post=3"}],"version-history":[{"count":46,"href":"https:\/\/www.ertnerarts.com\/index.php?rest_route=\/wp\/v2\/pages\/3\/revisions"}],"predecessor-version":[{"id":584,"href":"https:\/\/www.ertnerarts.com\/index.php?rest_route=\/wp\/v2\/pages\/3\/revisions\/584"}],"wp:attachment":[{"href":"https:\/\/www.ertnerarts.com\/index.php?rest_route=%2Fwp%2Fv2%2Fmedia&parent=3"}],"curies":[{"name":"wp","href":"https:\/\/api.w.org\/{rel}","templated":true}]}}